{"id":7861,"date":"2016-06-28T22:27:57","date_gmt":"2016-06-28T20:27:57","guid":{"rendered":"https:\/\/atg-engineering.eu\/referenzen\/"},"modified":"2020-10-29T12:25:28","modified_gmt":"2020-10-29T11:25:28","slug":"references","status":"publish","type":"page","link":"https:\/\/www.atg-engineering.de\/en\/references\/","title":{"rendered":"References"},"content":{"rendered":"\t\t<div data-elementor-type=\"wp-page\" data-elementor-id=\"7861\" class=\"elementor elementor-7861 elementor-213\" data-elementor-post-type=\"page\">\n\t\t\t\t\t\t<section class=\"elementor-section elementor-top-section elementor-element elementor-element-6e5cb612 elementor-section-height-min-height elementor-section-boxed elementor-section-height-default elementor-section-items-middle\" data-id=\"6e5cb612\" data-element_type=\"section\" data-e-type=\"section\">\n\t\t\t\t\t\t\t<div class=\"elementor-background-overlay\"><\/div>\n\t\t\t\t\t\t\t<div class=\"elementor-container elementor-column-gap-default\">\n\t\t\t\t\t<div class=\"elementor-column elementor-col-100 elementor-top-column elementor-element elementor-element-24611ef7\" data-id=\"24611ef7\" data-element_type=\"column\" data-e-type=\"column\">\n\t\t\t<div class=\"elementor-widget-wrap elementor-element-populated\">\n\t\t\t\t\t\t<div class=\"elementor-element elementor-element-24343ecf elementor-widget__width-initial headertext elementor-widget elementor-widget-text-editor\" data-id=\"24343ecf\" data-element_type=\"widget\" data-e-type=\"widget\" data-widget_type=\"text-editor.default\">\n\t\t\t\t<div class=\"elementor-widget-container\">\n\t\t\t\t\t\t\t\t\t<h1>References<\/h1>\t\t\t\t\t\t\t\t<\/div>\n\t\t\t\t<\/div>\n\t\t\t\t<div class=\"elementor-element elementor-element-46d98aa5 elementor-align-center elementor-widget elementor-widget-global elementor-global-7069 elementor-widget-button\" data-id=\"46d98aa5\" data-element_type=\"widget\" data-e-type=\"widget\" data-widget_type=\"button.default\">\n\t\t\t\t<div class=\"elementor-widget-container\">\n\t\t\t\t\t\t\t\t\t<div class=\"elementor-button-wrapper\">\n\t\t\t\t\t<a class=\"elementor-button elementor-button-link elementor-size-md\" href=\"https:\/\/www.atg-engineering.de\/en\/contact\/\">\n\t\t\t\t\t\t<span class=\"elementor-button-content-wrapper\">\n\t\t\t\t\t\t<span class=\"elementor-button-icon\">\n\t\t\t\t<svg aria-hidden=\"true\" class=\"e-font-icon-svg e-fas-cog\" viewBox=\"0 0 512 512\" xmlns=\"http:\/\/www.w3.org\/2000\/svg\"><path d=\"M487.4 315.7l-42.6-24.6c4.3-23.2 4.3-47 0-70.2l42.6-24.6c4.9-2.8 7.1-8.6 5.5-14-11.1-35.6-30-67.8-54.7-94.6-3.8-4.1-10-5.1-14.8-2.3L380.8 110c-17.9-15.4-38.5-27.3-60.8-35.1V25.8c0-5.6-3.9-10.5-9.4-11.7-36.7-8.2-74.3-7.8-109.2 0-5.5 1.2-9.4 6.1-9.4 11.7V75c-22.2 7.9-42.8 19.8-60.8 35.1L88.7 85.5c-4.9-2.8-11-1.9-14.8 2.3-24.7 26.7-43.6 58.9-54.7 94.6-1.7 5.4.6 11.2 5.5 14L67.3 221c-4.3 23.2-4.3 47 0 70.2l-42.6 24.6c-4.9 2.8-7.1 8.6-5.5 14 11.1 35.6 30 67.8 54.7 94.6 3.8 4.1 10 5.1 14.8 2.3l42.6-24.6c17.9 15.4 38.5 27.3 60.8 35.1v49.2c0 5.6 3.9 10.5 9.4 11.7 36.7 8.2 74.3 7.8 109.2 0 5.5-1.2 9.4-6.1 9.4-11.7v-49.2c22.2-7.9 42.8-19.8 60.8-35.1l42.6 24.6c4.9 2.8 11 1.9 14.8-2.3 24.7-26.7 43.6-58.9 54.7-94.6 1.5-5.5-.7-11.3-5.6-14.1zM256 336c-44.1 0-80-35.9-80-80s35.9-80 80-80 80 35.9 80 80-35.9 80-80 80z\"><\/path><\/svg>\t\t\t<\/span>\n\t\t\t\t\t\t\t\t\t<span class=\"elementor-button-text\">Contact ATG Engineering!<\/span>\n\t\t\t\t\t<\/span>\n\t\t\t\t\t<\/a>\n\t\t\t\t<\/div>\n\t\t\t\t\t\t\t\t<\/div>\n\t\t\t\t<\/div>\n\t\t\t\t\t<\/div>\n\t\t<\/div>\n\t\t\t\t\t<\/div>\n\t\t<\/section>\n\t\t\t\t<section class=\"elementor-section elementor-top-section elementor-element elementor-element-109d462f elementor-section-boxed elementor-section-height-default elementor-section-height-default\" data-id=\"109d462f\" data-element_type=\"section\" data-e-type=\"section\">\n\t\t\t\t\t\t<div class=\"elementor-container elementor-column-gap-default\">\n\t\t\t\t\t<div class=\"elementor-column elementor-col-100 elementor-top-column elementor-element elementor-element-5f38ff9b\" data-id=\"5f38ff9b\" data-element_type=\"column\" data-e-type=\"column\">\n\t\t\t<div class=\"elementor-widget-wrap elementor-element-populated\">\n\t\t\t\t\t\t<div class=\"elementor-element elementor-element-ba57996 elementor-widget elementor-widget-text-editor\" data-id=\"ba57996\" data-element_type=\"widget\" data-e-type=\"widget\" data-widget_type=\"text-editor.default\">\n\t\t\t\t<div class=\"elementor-widget-container\">\n\t\t\t\t\t\t\t\t\t<p>Seva Antriebstechnik<\/p><p>Claas<\/p><p>SEW Eurodrive<\/p><p>Berding Beton<\/p><p>Quick mix<\/p><p>Franken Brunnen<\/p><p>Stuttgarter Hofbr\u00e4u<\/p><p>Bitburger Brauerei<\/p><p>Mets\u00e4Tissue<\/p><p>Deutsche Steinzeug<\/p><p>Rheinfelsquelle<\/p><p>EU Automation<\/p><p>Schlo\u00df Quelle<\/p><p>Glunz AG<\/p><p>Weihenstephan Brauerei<\/p><p>Creaton AG<\/p><p>Betonwerk Lintel<\/p><p>Gerolsteiner Brunnen<\/p><p>Ascotec<\/p><p>R\u00f6merwall<\/p><p>Smurfit Kappa GmbH<\/p><p>ABC Klinkergruppe<\/p><p>Diephaus Beton<\/p><p>Schmidt Maschinenbau<\/p><p>Ardey Quelle<\/p><p>Diebels Brauerei<\/p><p>Nestl\u00e9 Waters Deutschland<\/p><p>Broich Systemtechnik<\/p><p>FS Karton<\/p><p>Kann Baustoffwerke<\/p><p>Keller HCW GmbH<\/p><p>KHS AG<\/p><p>Seyfert GmbH<\/p><p>WEPA Papierfabrik<\/p><p>Klostermann GmbH<\/p><p>Engineering ADS<\/p><p>Hakle GmbH<\/p><p>Blecher Motoren<\/p><p>KST GmbH<\/p><p>Wegener GmbH<\/p><p>Emde Industrietechnik<\/p><p>Mera Tiernahrung GmbH<\/p><p>Elotec GmbH<\/p><p>HTC GmbH<\/p><p>KKW Lingen<\/p><p>Krings Fruchtsaft<\/p><p>Romey Baustoffwerke<\/p><p>Lammers GmbH<\/p><p>Diamant Quelle<\/p><p>Dodow Fruchtquell<\/p><p>Hagemeister GmbH &amp; Co. KG<\/p><p>TDI GmbH<\/p><p>Tetra Pak GmbH<\/p><p>Kern Automation<\/p><p>Olfry Ziegelwerke<\/p><p>W\u00fcllner Getr\u00e4nke<\/p><p>Zimmermann Elektromotoren<\/p><p>Refresco GmbH<\/p><p>Ardagh Packaging Group<\/p><p>CSE Seekamp<\/p><p>FNF Industrietechnik<\/p><p>Hundhausen GmbH<\/p><p>Bad Br\u00fcckenauer Mineralbrunnen<\/p><p>Cantillana GmbH<\/p><p>D\u00f6rentrup Klinkerplatten<\/p><p>GTS mbH<\/p><p>Heemann Mineralbrunnen<\/p><p>Heuser Elektro<\/p><p>Knabe Ziegelei<\/p><p>Margon Brunnen<\/p><p>Metten Stein &amp; Design<\/p><p>Neudecker &amp; Jolitz GmbH<\/p><p>Neuselters Mineralquelle<\/p><p>WeserGold Getr\u00e4nkeindustrie<\/p><p>Goormann Automation GmbH<\/p><p>Agerer Elektromaschinenbau<\/p><p>FAIST ChemTech GmbH<\/p><p>AMB Anlagen- und Apparatebau<\/p><p>Bach Lagertechnik<\/p><p>Bauer Elektromaschinenbau<\/p><p>Benninghoven Maschinen und Anlagenbau<\/p><p>Bredemeier Elektromaschinen<\/p><p>Carli Automation<\/p><p>EST Automatisierung<\/p><p>Fischer Elektromaschinenbau<\/p><p>Fries Ger\u00e4tebau<\/p><p>FVZ Maschinenbau<\/p><p>GSPS GmbH<\/p><p>HN Maschinen- und Ger\u00e4tebau<\/p><p>Heuser &amp; Scherer<\/p><p>H\u00f6velmann Mineralquelle<\/p><p>Kl\u00e4ranlagen D\u00fcsseldorf<\/p><p>Klausmann Betonsteinwerk<\/p><p>Klebs &amp; Hartmann<\/p><p>Kotz Elektromaschinenbau<\/p><p>Kreher Betonwerk<\/p><p>Loerper Elektromschinenbau<\/p><p>Moskopp Elektromaschinenbau<\/p><p>Moskopp + S\u00f6hne Elektromaschinenbau<\/p><p>Peters Antriebstechnik<\/p><p>Porth Maschinenbau GmbH<\/p><p>Rhenser Mineralquelle<\/p><p>S.-S.B. Elektromaschinenbau<\/p><p>SteadyCap<\/p><p>Stute Nahrungsmittel GmbH<\/p><p>Weig Kartonfabrik<\/p><p>Worch Elektro<\/p><p>Famaga Group OHG<\/p><p>SIB Automatisierung<\/p><p>Fuchs Elektromaschinenbau GmbH<\/p><p>Iking GmbH<\/p><p>Meictech<\/p><p>MILA Milchwerke Bozen<\/p><p>Stosiek Elektromaschinenservice<\/p><p>Ufer GmbH<\/p><p>ATG Rosendahl (Remondis)<\/p><p>F\u00e4hrbr\u00fccke Papier (Curtis)<\/p><p>Hermes Papierfabrik (Curtis)<\/p><p>Huelsta Werke<\/p><p>Impacts GmbH<\/p><p>IT Service \u2013 Leipzig<\/p><p>Neuss \u2013 D\u00fcsseldorfer H\u00e4fen GmbH<\/p><p>Wild GmbH<\/p><p>Xella (Haniel)<\/p><p>Impacts GmbH<\/p>\t\t\t\t\t\t\t\t<\/div>\n\t\t\t\t<\/div>\n\t\t\t\t\t<\/div>\n\t\t<\/div>\n\t\t\t\t\t<\/div>\n\t\t<\/section>\n\t\t\t\t<\/div>\n\t\t","protected":false},"excerpt":{"rendered":"<p>References Contact ATG Engineering! Seva Antriebstechnik Claas SEW Eurodrive Berding Beton Quick mix Franken Brunnen Stuttgarter Hofbr\u00e4u Bitburger Brauerei Mets\u00e4Tissue Deutsche Steinzeug Rheinfelsquelle EU Automation Schlo\u00df Quelle Glunz AG Weihenstephan Brauerei Creaton AG Betonwerk Lintel Gerolsteiner Brunnen Ascotec R\u00f6merwall Smurfit Kappa GmbH ABC Klinkergruppe Diephaus Beton Schmidt Maschinenbau Ardey Quelle Diebels Brauerei Nestl\u00e9 Waters Deutschland &#8230; <a title=\"References\" class=\"read-more\" href=\"https:\/\/www.atg-engineering.de\/en\/references\/\" aria-label=\"Read more about References\">Read more<\/a><\/p>\n","protected":false},"author":1,"featured_media":0,"parent":0,"menu_order":0,"comment_status":"closed","ping_status":"closed","template":"","meta":{"footnotes":""},"class_list":["post-7861","page","type-page","status-publish"],"yoast_head":"<!-- This site is optimized with the Yoast SEO plugin v27.4 - https:\/\/yoast.com\/product\/yoast-seo-wordpress\/ -->\n<title>References - ATG Engineering<\/title>\n<meta name=\"robots\" content=\"index, follow, max-snippet:-1, max-image-preview:large, max-video-preview:-1\" \/>\n<link rel=\"canonical\" href=\"https:\/\/www.atg-engineering.de\/en\/references\/\" \/>\n<meta property=\"og:locale\" content=\"en_GB\" \/>\n<meta property=\"og:type\" content=\"article\" \/>\n<meta property=\"og:title\" content=\"References - ATG Engineering\" \/>\n<meta property=\"og:description\" content=\"References Contact ATG Engineering! Seva Antriebstechnik Claas SEW Eurodrive Berding Beton Quick mix Franken Brunnen Stuttgarter Hofbr\u00e4u Bitburger Brauerei Mets\u00e4Tissue Deutsche Steinzeug Rheinfelsquelle EU Automation Schlo\u00df Quelle Glunz AG Weihenstephan Brauerei Creaton AG Betonwerk Lintel Gerolsteiner Brunnen Ascotec R\u00f6merwall Smurfit Kappa GmbH ABC Klinkergruppe Diephaus Beton Schmidt Maschinenbau Ardey Quelle Diebels Brauerei Nestl\u00e9 Waters Deutschland ... Read more\" \/>\n<meta property=\"og:url\" content=\"https:\/\/www.atg-engineering.de\/en\/references\/\" \/>\n<meta property=\"og:site_name\" content=\"ATG Engineering\" \/>\n<meta property=\"article:modified_time\" content=\"2020-10-29T11:25:28+00:00\" \/>\n<meta name=\"twitter:card\" content=\"summary_large_image\" \/>\n<meta name=\"twitter:label1\" content=\"Estimated reading time\" \/>\n\t<meta name=\"twitter:data1\" content=\"2 minutes\" \/>\n<script type=\"application\/ld+json\" class=\"yoast-schema-graph\">{\"@context\":\"https:\\\/\\\/schema.org\",\"@graph\":[{\"@type\":\"WebPage\",\"@id\":\"https:\\\/\\\/www.atg-engineering.de\\\/en\\\/references\\\/\",\"url\":\"https:\\\/\\\/www.atg-engineering.de\\\/en\\\/references\\\/\",\"name\":\"References - ATG Engineering\",\"isPartOf\":{\"@id\":\"https:\\\/\\\/atg-engineering.de\\\/en\\\/#website\"},\"datePublished\":\"2016-06-28T20:27:57+00:00\",\"dateModified\":\"2020-10-29T11:25:28+00:00\",\"breadcrumb\":{\"@id\":\"https:\\\/\\\/www.atg-engineering.de\\\/en\\\/references\\\/#breadcrumb\"},\"inLanguage\":\"en-GB\",\"potentialAction\":[{\"@type\":\"ReadAction\",\"target\":[\"https:\\\/\\\/www.atg-engineering.de\\\/en\\\/references\\\/\"]}]},{\"@type\":\"BreadcrumbList\",\"@id\":\"https:\\\/\\\/www.atg-engineering.de\\\/en\\\/references\\\/#breadcrumb\",\"itemListElement\":[{\"@type\":\"ListItem\",\"position\":1,\"name\":\"Antriebstechnik\",\"item\":\"https:\\\/\\\/atg-engineering.de\\\/en\\\/\"},{\"@type\":\"ListItem\",\"position\":2,\"name\":\"References\"}]},{\"@type\":\"WebSite\",\"@id\":\"https:\\\/\\\/atg-engineering.de\\\/en\\\/#website\",\"url\":\"https:\\\/\\\/atg-engineering.de\\\/en\\\/\",\"name\":\"ATG Engineering\",\"description\":\"Anlagenbau &amp; Antriebstechnik\",\"publisher\":{\"@id\":\"https:\\\/\\\/atg-engineering.de\\\/en\\\/#organization\"},\"potentialAction\":[{\"@type\":\"SearchAction\",\"target\":{\"@type\":\"EntryPoint\",\"urlTemplate\":\"https:\\\/\\\/atg-engineering.de\\\/en\\\/?s={search_term_string}\"},\"query-input\":{\"@type\":\"PropertyValueSpecification\",\"valueRequired\":true,\"valueName\":\"search_term_string\"}}],\"inLanguage\":\"en-GB\"},{\"@type\":\"Organization\",\"@id\":\"https:\\\/\\\/atg-engineering.de\\\/en\\\/#organization\",\"name\":\"ATG Engineering\",\"url\":\"https:\\\/\\\/atg-engineering.de\\\/en\\\/\",\"logo\":{\"@type\":\"ImageObject\",\"inLanguage\":\"en-GB\",\"@id\":\"https:\\\/\\\/atg-engineering.de\\\/en\\\/#\\\/schema\\\/logo\\\/image\\\/\",\"url\":\"https:\\\/\\\/www.atg-engineering.de\\\/wp-content\\\/uploads\\\/2017\\\/05\\\/atg-engineering-logo.png\",\"contentUrl\":\"https:\\\/\\\/www.atg-engineering.de\\\/wp-content\\\/uploads\\\/2017\\\/05\\\/atg-engineering-logo.png\",\"width\":324,\"height\":33,\"caption\":\"ATG Engineering\"},\"image\":{\"@id\":\"https:\\\/\\\/atg-engineering.de\\\/en\\\/#\\\/schema\\\/logo\\\/image\\\/\"}}]}<\/script>\n<!-- \/ Yoast SEO plugin. -->","yoast_head_json":{"title":"References - ATG Engineering","robots":{"index":"index","follow":"follow","max-snippet":"max-snippet:-1","max-image-preview":"max-image-preview:large","max-video-preview":"max-video-preview:-1"},"canonical":"https:\/\/www.atg-engineering.de\/en\/references\/","og_locale":"en_GB","og_type":"article","og_title":"References - ATG Engineering","og_description":"References Contact ATG Engineering! Seva Antriebstechnik Claas SEW Eurodrive Berding Beton Quick mix Franken Brunnen Stuttgarter Hofbr\u00e4u Bitburger Brauerei Mets\u00e4Tissue Deutsche Steinzeug Rheinfelsquelle EU Automation Schlo\u00df Quelle Glunz AG Weihenstephan Brauerei Creaton AG Betonwerk Lintel Gerolsteiner Brunnen Ascotec R\u00f6merwall Smurfit Kappa GmbH ABC Klinkergruppe Diephaus Beton Schmidt Maschinenbau Ardey Quelle Diebels Brauerei Nestl\u00e9 Waters Deutschland ... Read more","og_url":"https:\/\/www.atg-engineering.de\/en\/references\/","og_site_name":"ATG Engineering","article_modified_time":"2020-10-29T11:25:28+00:00","twitter_card":"summary_large_image","twitter_misc":{"Estimated reading time":"2 minutes"},"schema":{"@context":"https:\/\/schema.org","@graph":[{"@type":"WebPage","@id":"https:\/\/www.atg-engineering.de\/en\/references\/","url":"https:\/\/www.atg-engineering.de\/en\/references\/","name":"References - ATG Engineering","isPartOf":{"@id":"https:\/\/atg-engineering.de\/en\/#website"},"datePublished":"2016-06-28T20:27:57+00:00","dateModified":"2020-10-29T11:25:28+00:00","breadcrumb":{"@id":"https:\/\/www.atg-engineering.de\/en\/references\/#breadcrumb"},"inLanguage":"en-GB","potentialAction":[{"@type":"ReadAction","target":["https:\/\/www.atg-engineering.de\/en\/references\/"]}]},{"@type":"BreadcrumbList","@id":"https:\/\/www.atg-engineering.de\/en\/references\/#breadcrumb","itemListElement":[{"@type":"ListItem","position":1,"name":"Antriebstechnik","item":"https:\/\/atg-engineering.de\/en\/"},{"@type":"ListItem","position":2,"name":"References"}]},{"@type":"WebSite","@id":"https:\/\/atg-engineering.de\/en\/#website","url":"https:\/\/atg-engineering.de\/en\/","name":"ATG Engineering","description":"Anlagenbau &amp; Antriebstechnik","publisher":{"@id":"https:\/\/atg-engineering.de\/en\/#organization"},"potentialAction":[{"@type":"SearchAction","target":{"@type":"EntryPoint","urlTemplate":"https:\/\/atg-engineering.de\/en\/?s={search_term_string}"},"query-input":{"@type":"PropertyValueSpecification","valueRequired":true,"valueName":"search_term_string"}}],"inLanguage":"en-GB"},{"@type":"Organization","@id":"https:\/\/atg-engineering.de\/en\/#organization","name":"ATG Engineering","url":"https:\/\/atg-engineering.de\/en\/","logo":{"@type":"ImageObject","inLanguage":"en-GB","@id":"https:\/\/atg-engineering.de\/en\/#\/schema\/logo\/image\/","url":"https:\/\/www.atg-engineering.de\/wp-content\/uploads\/2017\/05\/atg-engineering-logo.png","contentUrl":"https:\/\/www.atg-engineering.de\/wp-content\/uploads\/2017\/05\/atg-engineering-logo.png","width":324,"height":33,"caption":"ATG Engineering"},"image":{"@id":"https:\/\/atg-engineering.de\/en\/#\/schema\/logo\/image\/"}}]}},"_links":{"self":[{"href":"https:\/\/www.atg-engineering.de\/en\/wp-json\/wp\/v2\/pages\/7861","targetHints":{"allow":["GET"]}}],"collection":[{"href":"https:\/\/www.atg-engineering.de\/en\/wp-json\/wp\/v2\/pages"}],"about":[{"href":"https:\/\/www.atg-engineering.de\/en\/wp-json\/wp\/v2\/types\/page"}],"author":[{"embeddable":true,"href":"https:\/\/www.atg-engineering.de\/en\/wp-json\/wp\/v2\/users\/1"}],"replies":[{"embeddable":true,"href":"https:\/\/www.atg-engineering.de\/en\/wp-json\/wp\/v2\/comments?post=7861"}],"version-history":[{"count":4,"href":"https:\/\/www.atg-engineering.de\/en\/wp-json\/wp\/v2\/pages\/7861\/revisions"}],"predecessor-version":[{"id":8225,"href":"https:\/\/www.atg-engineering.de\/en\/wp-json\/wp\/v2\/pages\/7861\/revisions\/8225"}],"wp:attachment":[{"href":"https:\/\/www.atg-engineering.de\/en\/wp-json\/wp\/v2\/media?parent=7861"}],"curies":[{"name":"wp","href":"https:\/\/api.w.org\/{rel}","templated":true}]}}